{"id":1050,"date":"2023-03-24T00:51:14","date_gmt":"2023-03-24T03:51:14","guid":{"rendered":"https:\/\/desa.bpcomercioexterior.com.ar\/?page_id=188"},"modified":"2024-08-29T16:41:04","modified_gmt":"2024-08-29T19:41:04","slug":"arribo-de-buques","status":"publish","type":"page","link":"https:\/\/bpcomercioexterior.com.ar\/comercio-exterior\/arribo-de-buques\/","title":{"rendered":"Arribo de buques"},"content":{"rendered":"\t\t<div data-elementor-type=\"wp-page\" data-elementor-id=\"1050\" class=\"elementor elementor-1050\">\n\t\t\t\t\t\t<section class=\"elementor-section elementor-top-section elementor-element elementor-element-3eb18b0d elementor-section-full_width elementor-section-height-default elementor-section-height-default\" data-id=\"3eb18b0d\" data-element_type=\"section\" data-settings=\"{&quot;background_background&quot;:&quot;gradient&quot;}\">\n\t\t\t\t\t\t\t<div class=\"elementor-background-overlay\"><\/div>\n\t\t\t\t\t\t\t<div class=\"elementor-container elementor-column-gap-default\">\n\t\t\t\t\t<div class=\"elementor-column elementor-col-100 elementor-top-column elementor-element elementor-element-49154ab5\" data-id=\"49154ab5\" data-element_type=\"column\">\n\t\t\t<div class=\"elementor-widget-wrap elementor-element-populated\">\n\t\t\t\t\t\t<div class=\"elementor-element elementor-element-38b6a563 elementor-invisible elementor-widget elementor-widget-heading\" data-id=\"38b6a563\" data-element_type=\"widget\" data-settings=\"{&quot;_animation&quot;:&quot;fadeInDown&quot;}\" data-widget_type=\"heading.default\">\n\t\t\t\t<div class=\"elementor-widget-container\">\n\t\t\t<style>\/*! elementor - v3.23.0 - 05-08-2024 *\/\n.elementor-heading-title{padding:0;margin:0;line-height:1}.elementor-widget-heading .elementor-heading-title[class*=elementor-size-]>a{color:inherit;font-size:inherit;line-height:inherit}.elementor-widget-heading .elementor-heading-title.elementor-size-small{font-size:15px}.elementor-widget-heading .elementor-heading-title.elementor-size-medium{font-size:19px}.elementor-widget-heading .elementor-heading-title.elementor-size-large{font-size:29px}.elementor-widget-heading .elementor-heading-title.elementor-size-xl{font-size:39px}.elementor-widget-heading .elementor-heading-title.elementor-size-xxl{font-size:59px}<\/style><h2 class=\"elementor-heading-title elementor-size-default\">Bella Pampa Comercio exterior<\/h2>\t\t<\/div>\n\t\t\t\t<\/div>\n\t\t\t\t<div class=\"elementor-element elementor-element-55ae0ea elementor-invisible elementor-widget elementor-widget-text-editor\" data-id=\"55ae0ea\" data-element_type=\"widget\" data-settings=\"{&quot;_animation&quot;:&quot;fadeInUp&quot;,&quot;_animation_delay&quot;:100}\" data-widget_type=\"text-editor.default\">\n\t\t\t\t<div class=\"elementor-widget-container\">\n\t\t\t<style>\/*! elementor - v3.23.0 - 05-08-2024 *\/\n.elementor-widget-text-editor.elementor-drop-cap-view-stacked .elementor-drop-cap{background-color:#69727d;color:#fff}.elementor-widget-text-editor.elementor-drop-cap-view-framed .elementor-drop-cap{color:#69727d;border:3px solid;background-color:transparent}.elementor-widget-text-editor:not(.elementor-drop-cap-view-default) .elementor-drop-cap{margin-top:8px}.elementor-widget-text-editor:not(.elementor-drop-cap-view-default) .elementor-drop-cap-letter{width:1em;height:1em}.elementor-widget-text-editor .elementor-drop-cap{float:left;text-align:center;line-height:1;font-size:50px}.elementor-widget-text-editor .elementor-drop-cap-letter{display:inline-block}<\/style>\t\t\t\t<p>Somos una empresa de Servicio Integral de Comercio Exterior. Nuestro equipo altamente capacitado est\u00e1 compuesto por Despachantes de Aduana, Forwarders y Licenciados en Comercio Exterior. <br \/>Contamos con una experiencia comprobable de mas de 15 a\u00f1os en el rubro. Por ello, brindamos un optimo manejo de la operativa en Comex.<\/p>\t\t\t\t\t\t<\/div>\n\t\t\t\t<\/div>\n\t\t\t\t\t<\/div>\n\t\t<\/div>\n\t\t\t\t\t<\/div>\n\t\t<\/section>\n\t\t\t\t<section class=\"elementor-section elementor-top-section elementor-element elementor-element-da60361 elementor-section-full_width elementor-section-height-default elementor-section-height-default\" data-id=\"da60361\" data-element_type=\"section\">\n\t\t\t\t\t\t<div class=\"elementor-container elementor-column-gap-default\">\n\t\t\t\t\t<div class=\"elementor-column elementor-col-100 elementor-top-column elementor-element elementor-element-32b1891\" data-id=\"32b1891\" data-element_type=\"column\">\n\t\t\t<div class=\"elementor-widget-wrap elementor-element-populated\">\n\t\t\t\t\t\t<div class=\"elementor-element elementor-element-69fc008 elementor-widget elementor-widget-heading\" data-id=\"69fc008\" data-element_type=\"widget\" data-widget_type=\"heading.default\">\n\t\t\t\t<div class=\"elementor-widget-container\">\n\t\t\t<h2 class=\"elementor-heading-title elementor-size-default\">Arribo de buques<\/h2>\t\t<\/div>\n\t\t\t\t<\/div>\n\t\t\t\t\t<\/div>\n\t\t<\/div>\n\t\t\t\t\t<\/div>\n\t\t<\/section>\n\t\t\t\t<section class=\"elementor-section elementor-top-section elementor-element elementor-element-c99046c elementor-section-full_width elementor-section-height-default elementor-section-height-default\" data-id=\"c99046c\" data-element_type=\"section\">\n\t\t\t\t\t\t<div class=\"elementor-container elementor-column-gap-default\">\n\t\t\t\t\t<div class=\"elementor-column elementor-col-100 elementor-top-column elementor-element elementor-element-30c0a92\" data-id=\"30c0a92\" data-element_type=\"column\">\n\t\t\t<div class=\"elementor-widget-wrap elementor-element-populated\">\n\t\t\t\t\t\t<div class=\"elementor-element elementor-element-ef6f318 elementor-widget elementor-widget-text-editor\" data-id=\"ef6f318\" data-element_type=\"widget\" data-widget_type=\"text-editor.default\">\n\t\t\t\t<div class=\"elementor-widget-container\">\n\t\t\t\t\t\t\t<pre id=\"tw-target-text\" class=\"tw-data-text tw-text-large tw-ta\" dir=\"ltr\" data-placeholder=\"Traducci\u00f3n\">Informaci\u00f3n sujeta a datos proporcionados por cada compa\u00f1\u00eda naviera.<\/pre>\t\t\t\t\t\t<\/div>\n\t\t\t\t<\/div>\n\t\t\t\t\t<\/div>\n\t\t<\/div>\n\t\t\t\t\t<\/div>\n\t\t<\/section>\n\t\t\t\t<section class=\"elementor-section elementor-top-section elementor-element elementor-element-d811786 elementor-section-full_width elementor-section-height-default elementor-section-height-default\" data-id=\"d811786\" data-element_type=\"section\">\n\t\t\t\t\t\t<div class=\"elementor-container elementor-column-gap-default\">\n\t\t\t\t\t<div class=\"elementor-column elementor-col-100 elementor-top-column elementor-element elementor-element-1137d24\" data-id=\"1137d24\" data-element_type=\"column\">\n\t\t\t<div class=\"elementor-widget-wrap elementor-element-populated\">\n\t\t\t\t\t\t<div class=\"elementor-element elementor-element-a94db40 elementor-widget elementor-widget-html\" data-id=\"a94db40\" data-element_type=\"widget\" data-widget_type=\"html.default\">\n\t\t\t\t<div class=\"elementor-widget-container\">\n\t\t\t<!DOCTYPE HTML>\r\n<html>\r\n\r\n      <div class=\"tabla\" cellspacing=\"1\">\r\n        <table>\r\n          <tbody>\r\n\t\t   <tr style=\"border-top:3px solid #FFF;\"><td style=\"color:#e7c86b;background-color:#30373f;\">BUQUE<\/td><td style=\"color:#e7c86b;background-color:#30373f;\" >HORA<\/td><td style=\"color:#e7c86b;background-color:#30373f;\" >FECHA<\/td><td style=\"color:#e7c86b;background-color:#30373f;\" >GIRO<\/td><td style=\"color:#e7c86b;background-color:#30373f;\" >VIAJE<\/td><\/tr>\r\n\t\t  \r\n          \r\n            \r\n                          \r\n\t\t   <tr><td >CMA CGM RODOLPHE<\/td><td >07:00<\/td><td >29\/09\/2023<\/td><td >TRP<\/td><td ><\/td><\/tr><tr><td >CAPE KORTIA<\/td><td >07:00<\/td><td >26\/09\/2023<\/td><td >EXOLGAN<\/td><td ><\/td><\/tr><tr><td >HYUNDAI PRESTIGE<\/td><td >12:00<\/td><td >26\/09\/2023<\/td><td >TERMINAL 4<\/td><td ><\/td><\/tr><tr><td >YM TRUST<\/td><td >11:00<\/td><td >24\/09\/2023<\/td><td >TRP<\/td><td ><\/td><\/tr><tr><td >ZIM NORFOLK<\/td><td >19:00<\/td><td >24\/09\/2023<\/td><td >TERMINAL 4<\/td><td ><\/td><\/tr><tr style=\"border-top:1px solid #FFF;\"><td  style=\"color:#FFF;background-color:#666666;\">SEASPAN OSPREY<\/td><td  style=\"color:#FFF;background-color:#666666;\">12:00<\/td><td  style=\"color:#FFF;background-color:#666666;\">19\/09\/2023<\/td><td  style=\"color:#FFF;background-color:#666666;\">EXOLGAN<\/td><td  style=\"color:#FFF;background-color:#666666;\"><\/td><\/tr><tr style=\"border-top:1px solid #FFF;\"><td  style=\"color:#FFF;background-color:#666666;\">MAERSK LIRQUEN<\/td><td  style=\"color:#FFF;background-color:#666666;\">22:00<\/td><td  style=\"color:#FFF;background-color:#666666;\">19\/09\/2023<\/td><td  style=\"color:#FFF;background-color:#666666;\">TERMINAL 4<\/td><td  style=\"color:#FFF;background-color:#666666;\"><\/td><\/tr><tr style=\"border-top:1px solid #FFF;\"><td  style=\"color:#FFF;background-color:#666666;\">MSC CHLOE<\/td><td  style=\"color:#FFF;background-color:#666666;\">22:00<\/td><td  style=\"color:#FFF;background-color:#666666;\">18\/09\/2023<\/td><td  style=\"color:#FFF;background-color:#666666;\">EXOLGAN<\/td><td  style=\"color:#FFF;background-color:#666666;\"><\/td><\/tr><tr style=\"border-top:1px solid #FFF;\"><td  style=\"color:#FFF;background-color:#666666;\">LOGIN JACARANDA<\/td><td  style=\"color:#FFF;background-color:#666666;\">07:00<\/td><td  style=\"color:#FFF;background-color:#666666;\">17\/09\/2023<\/td><td  style=\"color:#FFF;background-color:#666666;\">TRP<\/td><td  style=\"color:#FFF;background-color:#666666;\"><\/td><\/tr><tr style=\"border-top:1px solid #FFF;\"><td  style=\"color:#FFF;background-color:#666666;\">MSC BRANKA<\/td><td  style=\"color:#FFF;background-color:#666666;\">16:00<\/td><td  style=\"color:#FFF;background-color:#666666;\">15\/09\/2023<\/td><td  style=\"color:#FFF;background-color:#666666;\">EXOLGAN<\/td><td  style=\"color:#FFF;background-color:#666666;\"><\/td><\/tr><tr style=\"border-top:1px solid #FFF;\"><td  style=\"color:#FFF;background-color:#666666;\">COSCO SHIPPING SEINE<\/td><td  style=\"color:#FFF;background-color:#666666;\">07:00<\/td><td  style=\"color:#FFF;background-color:#666666;\">14\/09\/2023<\/td><td  style=\"color:#FFF;background-color:#666666;\">TRP<\/td><td  style=\"color:#FFF;background-color:#666666;\"><\/td><\/tr><tr style=\"border-top:1px solid #FFF;\"><td  style=\"color:#FFF;background-color:#666666;\">MAERSK LAGUNA<\/td><td  style=\"color:#FFF;background-color:#666666;\">07:00<\/td><td  style=\"color:#FFF;background-color:#666666;\">11\/09\/2023<\/td><td  style=\"color:#FFF;background-color:#666666;\">TERMINAL 4<\/td><td  style=\"color:#FFF;background-color:#666666;\">OPERANDO<\/td><\/tr><tr style=\"border-top:1px solid #FFF;\"><td  style=\"color:#FFF;background-color:#666666;\">TENO<\/td><td  style=\"color:#FFF;background-color:#666666;\">07:00<\/td><td  style=\"color:#FFF;background-color:#666666;\">09\/09\/2023<\/td><td  style=\"color:#FFF;background-color:#666666;\">EXOLGAN<\/td><td  style=\"color:#FFF;background-color:#666666;\"><\/td><\/tr><tr style=\"border-top:1px solid #FFF;\"><td  style=\"color:#FFF;background-color:#666666;\">CAPE ARTEMISIO<\/td><td  style=\"color:#FFF;background-color:#666666;\">07:00<\/td><td  style=\"color:#FFF;background-color:#666666;\">07\/09\/2023<\/td><td  style=\"color:#FFF;background-color:#666666;\">EXOLGAN<\/td><td  style=\"color:#FFF;background-color:#666666;\"><\/td><\/tr><tr style=\"border-top:1px solid #FFF;\"><td  style=\"color:#FFF;background-color:#666666;\">MAERSK LINS<\/td><td  style=\"color:#FFF;background-color:#666666;\">19:00<\/td><td  style=\"color:#FFF;background-color:#666666;\">04\/09\/2023<\/td><td  style=\"color:#FFF;background-color:#666666;\">TERMINAL 4<\/td><td  style=\"color:#FFF;background-color:#666666;\"><\/td><\/tr><tr style=\"border-top:1px solid #FFF;\"><td  style=\"color:#FFF;background-color:#666666;\">MONTE CERVANTES<\/td><td  style=\"color:#FFF;background-color:#666666;\">12:00<\/td><td  style=\"color:#FFF;background-color:#666666;\">03\/09\/2023<\/td><td  style=\"color:#FFF;background-color:#666666;\">TERMINAL 4<\/td><td  style=\"color:#FFF;background-color:#666666;\"><\/td><\/tr>  \r\n       \r\n          <\/tbody>\r\n        <\/table>\r\n      <\/div>\r\n      <div>\r\n      <p>Informaci\u00f3n sujeta a datos provistos por cada naviera.<\/p>\r\n    <\/div>\r\n\r\n <\/html>\r\n\t\t<\/div>\n\t\t\t\t<\/div>\n\t\t\t\t\t<\/div>\n\t\t<\/div>\n\t\t\t\t\t<\/div>\n\t\t<\/section>\n\t\t\t\t<\/div>\n\t\t","protected":false},"excerpt":{"rendered":"<p>Bella Pampa Comercio exterior Somos una empresa de Servicio Integral de Comercio Exterior. Nuestro equipo altamente capacitado est\u00e1 compuesto por Despachantes de Aduana, Forwarders y Licenciados en Comercio Exterior. Contamos con una experiencia comprobable de mas de 15 a\u00f1os en el rubro. Por ello, brindamos un optimo manejo de la operativa en Comex. Arribo de [&hellip;]<\/p>\n","protected":false},"author":1,"featured_media":0,"parent":0,"menu_order":0,"comment_status":"closed","ping_status":"closed","template":"elementor_theme","meta":{"_siteseo_robots_primary_cat":"","_joinchat":[],"footnotes":""},"class_list":["post-1050","page","type-page","status-publish","hentry"],"_links":{"self":[{"href":"https:\/\/bpcomercioexterior.com.ar\/comercio-exterior\/wp-json\/wp\/v2\/pages\/1050"}],"collection":[{"href":"https:\/\/bpcomercioexterior.com.ar\/comercio-exterior\/wp-json\/wp\/v2\/pages"}],"about":[{"href":"https:\/\/bpcomercioexterior.com.ar\/comercio-exterior\/wp-json\/wp\/v2\/types\/page"}],"author":[{"embeddable":true,"href":"https:\/\/bpcomercioexterior.com.ar\/comercio-exterior\/wp-json\/wp\/v2\/users\/1"}],"replies":[{"embeddable":true,"href":"https:\/\/bpcomercioexterior.com.ar\/comercio-exterior\/wp-json\/wp\/v2\/comments?post=1050"}],"version-history":[{"count":12,"href":"https:\/\/bpcomercioexterior.com.ar\/comercio-exterior\/wp-json\/wp\/v2\/pages\/1050\/revisions"}],"predecessor-version":[{"id":1160,"href":"https:\/\/bpcomercioexterior.com.ar\/comercio-exterior\/wp-json\/wp\/v2\/pages\/1050\/revisions\/1160"}],"wp:attachment":[{"href":"https:\/\/bpcomercioexterior.com.ar\/comercio-exterior\/wp-json\/wp\/v2\/media?parent=1050"}],"curies":[{"name":"wp","href":"https:\/\/api.w.org\/{rel}","templated":true}]}}