{"id":585,"date":"2023-04-12T06:32:21","date_gmt":"2023-04-12T09:32:21","guid":{"rendered":"https:\/\/desa.bpcomercioexterior.com.ar\/?page_id=585"},"modified":"2024-08-29T16:40:21","modified_gmt":"2024-08-29T19:40:21","slug":"despachos-de-aduana","status":"publish","type":"page","link":"https:\/\/bpcomercioexterior.com.ar\/comercio-exterior\/despachos-de-aduana\/","title":{"rendered":"Despachos de Aduana"},"content":{"rendered":"\t\t<div data-elementor-type=\"wp-page\" data-elementor-id=\"585\" class=\"elementor elementor-585\">\n\t\t\t\t\t\t<section class=\"elementor-section elementor-top-section elementor-element elementor-element-53b1c736 elementor-section-boxed elementor-section-height-default elementor-section-height-default\" data-id=\"53b1c736\" data-element_type=\"section\" data-settings=\"{&quot;background_background&quot;:&quot;gradient&quot;}\">\n\t\t\t\t\t\t\t<div class=\"elementor-background-overlay\"><\/div>\n\t\t\t\t\t\t\t<div class=\"elementor-container elementor-column-gap-default\">\n\t\t\t\t\t<div class=\"elementor-column elementor-col-100 elementor-top-column elementor-element elementor-element-5c5b2c81\" data-id=\"5c5b2c81\" data-element_type=\"column\">\n\t\t\t<div class=\"elementor-widget-wrap elementor-element-populated\">\n\t\t\t\t\t\t<div class=\"elementor-element elementor-element-2800a3f1 elementor-invisible elementor-widget elementor-widget-heading\" data-id=\"2800a3f1\" data-element_type=\"widget\" data-settings=\"{&quot;_animation&quot;:&quot;fadeInDown&quot;}\" data-widget_type=\"heading.default\">\n\t\t\t\t<div class=\"elementor-widget-container\">\n\t\t\t<style>\/*! elementor - v3.23.0 - 05-08-2024 *\/\n.elementor-heading-title{padding:0;margin:0;line-height:1}.elementor-widget-heading .elementor-heading-title[class*=elementor-size-]>a{color:inherit;font-size:inherit;line-height:inherit}.elementor-widget-heading .elementor-heading-title.elementor-size-small{font-size:15px}.elementor-widget-heading .elementor-heading-title.elementor-size-medium{font-size:19px}.elementor-widget-heading .elementor-heading-title.elementor-size-large{font-size:29px}.elementor-widget-heading .elementor-heading-title.elementor-size-xl{font-size:39px}.elementor-widget-heading .elementor-heading-title.elementor-size-xxl{font-size:59px}<\/style><h2 class=\"elementor-heading-title elementor-size-default\">Bella Pampa Comercio exterior<\/h2>\t\t<\/div>\n\t\t\t\t<\/div>\n\t\t\t\t<div class=\"elementor-element elementor-element-653e5d9 elementor-invisible elementor-widget elementor-widget-text-editor\" data-id=\"653e5d9\" data-element_type=\"widget\" data-settings=\"{&quot;_animation&quot;:&quot;fadeInUp&quot;,&quot;_animation_delay&quot;:100}\" data-widget_type=\"text-editor.default\">\n\t\t\t\t<div class=\"elementor-widget-container\">\n\t\t\t<style>\/*! elementor - v3.23.0 - 05-08-2024 *\/\n.elementor-widget-text-editor.elementor-drop-cap-view-stacked .elementor-drop-cap{background-color:#69727d;color:#fff}.elementor-widget-text-editor.elementor-drop-cap-view-framed .elementor-drop-cap{color:#69727d;border:3px solid;background-color:transparent}.elementor-widget-text-editor:not(.elementor-drop-cap-view-default) .elementor-drop-cap{margin-top:8px}.elementor-widget-text-editor:not(.elementor-drop-cap-view-default) .elementor-drop-cap-letter{width:1em;height:1em}.elementor-widget-text-editor .elementor-drop-cap{float:left;text-align:center;line-height:1;font-size:50px}.elementor-widget-text-editor .elementor-drop-cap-letter{display:inline-block}<\/style>\t\t\t\t<p>Somos una empresa de Servicio Integral de Comercio Exterior. Nuestro equipo altamente capacitado est\u00e1 compuesto por Despachantes de Aduana, Forwarders y Licenciados en Comercio Exterior. <br \/>Contamos con una experiencia comprobable de mas de 15 a\u00f1os en el rubro. Por ello, brindamos un optimo manejo de la operativa en Comex.<\/p>\t\t\t\t\t\t<\/div>\n\t\t\t\t<\/div>\n\t\t\t\t\t<\/div>\n\t\t<\/div>\n\t\t\t\t\t<\/div>\n\t\t<\/section>\n\t\t\t\t<section class=\"elementor-section elementor-top-section elementor-element elementor-element-5213754 elementor-section-boxed elementor-section-height-default elementor-section-height-default\" data-id=\"5213754\" data-element_type=\"section\">\n\t\t\t\t\t\t<div class=\"elementor-container elementor-column-gap-default\">\n\t\t\t\t\t<div class=\"elementor-column elementor-col-100 elementor-top-column elementor-element elementor-element-e50d64b\" data-id=\"e50d64b\" data-element_type=\"column\">\n\t\t\t<div class=\"elementor-widget-wrap elementor-element-populated\">\n\t\t\t\t\t\t<div class=\"elementor-element elementor-element-8fe7c7e elementor-widget elementor-widget-heading\" data-id=\"8fe7c7e\" data-element_type=\"widget\" data-widget_type=\"heading.default\">\n\t\t\t\t<div class=\"elementor-widget-container\">\n\t\t\t<h2 class=\"elementor-heading-title elementor-size-default\">DESPACHOS DE ADUANA<\/h2>\t\t<\/div>\n\t\t\t\t<\/div>\n\t\t\t\t\t<\/div>\n\t\t<\/div>\n\t\t\t\t\t<\/div>\n\t\t<\/section>\n\t\t\t\t<section class=\"elementor-section elementor-top-section elementor-element elementor-element-f370494 elementor-section-boxed elementor-section-height-default elementor-section-height-default\" data-id=\"f370494\" data-element_type=\"section\">\n\t\t\t\t\t\t<div class=\"elementor-container elementor-column-gap-default\">\n\t\t\t\t\t<div class=\"elementor-column elementor-col-50 elementor-top-column elementor-element elementor-element-fd8e610\" data-id=\"fd8e610\" data-element_type=\"column\">\n\t\t\t<div class=\"elementor-widget-wrap elementor-element-populated\">\n\t\t\t\t\t\t<div class=\"elementor-element elementor-element-b37fcd3 elementor-widget elementor-widget-accordion\" data-id=\"b37fcd3\" data-element_type=\"widget\" data-widget_type=\"accordion.default\">\n\t\t\t\t<div class=\"elementor-widget-container\">\n\t\t\t<style>\/*! elementor - v3.23.0 - 05-08-2024 *\/\n.elementor-accordion{text-align:start}.elementor-accordion .elementor-accordion-item{border:1px solid #d5d8dc}.elementor-accordion .elementor-accordion-item+.elementor-accordion-item{border-top:none}.elementor-accordion .elementor-tab-title{margin:0;padding:15px 20px;font-weight:700;line-height:1;cursor:pointer;outline:none}.elementor-accordion .elementor-tab-title .elementor-accordion-icon{display:inline-block;width:1.5em}.elementor-accordion .elementor-tab-title .elementor-accordion-icon svg{width:1em;height:1em}.elementor-accordion .elementor-tab-title .elementor-accordion-icon.elementor-accordion-icon-right{float:right;text-align:right}.elementor-accordion .elementor-tab-title .elementor-accordion-icon.elementor-accordion-icon-left{float:left;text-align:left}.elementor-accordion .elementor-tab-title .elementor-accordion-icon .elementor-accordion-icon-closed{display:block}.elementor-accordion .elementor-tab-title .elementor-accordion-icon .elementor-accordion-icon-opened,.elementor-accordion .elementor-tab-title.elementor-active .elementor-accordion-icon-closed{display:none}.elementor-accordion .elementor-tab-title.elementor-active .elementor-accordion-icon-opened{display:block}.elementor-accordion .elementor-tab-content{display:none;padding:15px 20px;border-top:1px solid #d5d8dc}@media (max-width:767px){.elementor-accordion .elementor-tab-title{padding:12px 15px}.elementor-accordion .elementor-tab-title .elementor-accordion-icon{width:1.2em}.elementor-accordion .elementor-tab-content{padding:7px 15px}}.e-con-inner>.elementor-widget-accordion,.e-con>.elementor-widget-accordion{width:var(--container-widget-width);--flex-grow:var(--container-widget-flex-grow)}<\/style>\t\t<div class=\"elementor-accordion\">\n\t\t\t\t\t\t\t<div class=\"elementor-accordion-item\">\n\t\t\t\t\t<div id=\"elementor-tab-title-1881\" class=\"elementor-tab-title\" data-tab=\"1\" role=\"button\" aria-controls=\"elementor-tab-content-1881\" aria-expanded=\"false\">\n\t\t\t\t\t\t\t\t\t\t\t\t\t<span class=\"elementor-accordion-icon elementor-accordion-icon-left\" aria-hidden=\"true\">\n\t\t\t\t\t\t\t\t\t\t\t\t\t\t\t<span class=\"elementor-accordion-icon-closed\"><i class=\"fas fa-plus\"><\/i><\/span>\n\t\t\t\t\t\t\t\t<span class=\"elementor-accordion-icon-opened\"><i class=\"fas fa-minus\"><\/i><\/span>\n\t\t\t\t\t\t\t\t\t\t\t\t\t\t<\/span>\n\t\t\t\t\t\t\t\t\t\t\t\t<a class=\"elementor-accordion-title\" tabindex=\"0\">IMPORTACI\u00d3N<\/a>\n\t\t\t\t\t<\/div>\n\t\t\t\t\t<div id=\"elementor-tab-content-1881\" class=\"elementor-tab-content elementor-clearfix\" data-tab=\"1\" role=\"region\" aria-labelledby=\"elementor-tab-title-1881\"><ul><li><strong>Destinaci\u00f3n definitiva de importaci\u00f3n para consumo<\/strong><\/li><li><strong>Destinaci\u00f3n suspensiva de importaci\u00f3n temporaria<\/strong><\/li><li><strong>Despacho directo a plaza y Zona Franca<\/strong><\/li><li><strong>Destinaci\u00f3n suspensiva de dep\u00f3sito de almacenamiento<\/strong><\/li><li><strong>Destinaci\u00f3n suspensiva de tr\u00e1nsito de importaci\u00f3n<\/strong><\/li><li><strong>Importaci\u00f3n de Plantas Llave en Mano<\/strong><\/li><li><strong>R\u00e9gimen de Reimportaci\u00f3n<\/strong><\/li><li><strong>R\u00e9gimen de Importaci\u00f3n o Exportaci\u00f3n para compensar env\u00edos de mercader\u00edas con deficiencias<\/strong><\/li><li><strong>R\u00e9gimen de Donaciones<\/strong><\/li><li><strong>R\u00e9gimen de Muestras<\/strong><\/li><li><strong>R\u00e9gimen de Franquicias Diplom\u00e1ticas<\/strong><\/li><li><strong>R\u00e9gimen de Courier y de env\u00edos postales<\/strong><\/li><li><strong>R\u00e9gimen de Mudanzas Internacionales<\/strong><\/li><li><strong>R\u00e9gimen de\u00a0Equipaje no acompa\u00f1ado<\/strong><\/li><li>\u00a0<\/li><\/ul><\/div>\n\t\t\t\t<\/div>\n\t\t\t\t\t\t\t<div class=\"elementor-accordion-item\">\n\t\t\t\t\t<div id=\"elementor-tab-title-1882\" class=\"elementor-tab-title\" data-tab=\"2\" role=\"button\" aria-controls=\"elementor-tab-content-1882\" aria-expanded=\"false\">\n\t\t\t\t\t\t\t\t\t\t\t\t\t<span class=\"elementor-accordion-icon elementor-accordion-icon-left\" aria-hidden=\"true\">\n\t\t\t\t\t\t\t\t\t\t\t\t\t\t\t<span class=\"elementor-accordion-icon-closed\"><i class=\"fas fa-plus\"><\/i><\/span>\n\t\t\t\t\t\t\t\t<span class=\"elementor-accordion-icon-opened\"><i class=\"fas fa-minus\"><\/i><\/span>\n\t\t\t\t\t\t\t\t\t\t\t\t\t\t<\/span>\n\t\t\t\t\t\t\t\t\t\t\t\t<a class=\"elementor-accordion-title\" tabindex=\"0\">Servicios<\/a>\n\t\t\t\t\t<\/div>\n\t\t\t\t\t<div id=\"elementor-tab-content-1882\" class=\"elementor-tab-content elementor-clearfix\" data-tab=\"2\" role=\"region\" aria-labelledby=\"elementor-tab-title-1882\"><ul><li>Inscripci\u00f3n en el Registro de Importadores \/ Exportadores.<\/li><li>Clasificaci\u00f3n de mercader\u00edas.<\/li><li>Tramitaci\u00f3n y colocaci\u00f3n de estampillas.<\/li><li>Pedido, seguimiento y reclamos de SIMI<\/li><li>Asesoramiento en LA y LNA.<\/li><li>Asesoramiento para Solicitud de Audiencia ante SIC.<\/li><li>Control documental (Factura Comercial, Listas de Empaque, BL\/AWB\/CRT, Certificado de Origen) directamente con el Proveedor.<\/li><li>Asesoramiento en Gestiones Bancarias para Pagos al Exterior, Apertura de Cartas de Cr\u00e9dito, Cobranzas Documentarias, Ordenes de Pago, confecci\u00f3n Circular 3602, etc.<\/li><li>Confecci\u00f3n de Presupuestos de Importaci\u00f3n.<\/li><li>Servicio log\u00edstico integral a trav\u00e9s de nuestra Divisi\u00f3n de Agentes de Cargas.<\/li><li>Tramitaci\u00f3n ante organismos oficiales y privados relacionados con la importaci\u00f3n (SICE, JNC, JNG, CAC, AIERA, MRE, ANMAT, INAL, SENASA, INTI, FLORA y FAUNA, etc.).<\/li><\/ul><\/div>\n\t\t\t\t<\/div>\n\t\t\t\t\t\t\t\t<\/div>\n\t\t\t\t<\/div>\n\t\t\t\t<\/div>\n\t\t\t\t\t<\/div>\n\t\t<\/div>\n\t\t\t\t<div class=\"elementor-column elementor-col-50 elementor-top-column elementor-element elementor-element-116183a\" data-id=\"116183a\" data-element_type=\"column\">\n\t\t\t<div class=\"elementor-widget-wrap elementor-element-populated\">\n\t\t\t\t\t\t<div class=\"elementor-element elementor-element-f221467 elementor-widget elementor-widget-accordion\" data-id=\"f221467\" data-element_type=\"widget\" data-widget_type=\"accordion.default\">\n\t\t\t\t<div class=\"elementor-widget-container\">\n\t\t\t\t\t<div class=\"elementor-accordion\">\n\t\t\t\t\t\t\t<div class=\"elementor-accordion-item\">\n\t\t\t\t\t<div id=\"elementor-tab-title-2531\" class=\"elementor-tab-title\" data-tab=\"1\" role=\"button\" aria-controls=\"elementor-tab-content-2531\" aria-expanded=\"false\">\n\t\t\t\t\t\t\t\t\t\t\t\t\t<span class=\"elementor-accordion-icon elementor-accordion-icon-left\" aria-hidden=\"true\">\n\t\t\t\t\t\t\t\t\t\t\t\t\t\t\t<span class=\"elementor-accordion-icon-closed\"><i class=\"fas fa-plus\"><\/i><\/span>\n\t\t\t\t\t\t\t\t<span class=\"elementor-accordion-icon-opened\"><i class=\"fas fa-minus\"><\/i><\/span>\n\t\t\t\t\t\t\t\t\t\t\t\t\t\t<\/span>\n\t\t\t\t\t\t\t\t\t\t\t\t<a class=\"elementor-accordion-title\" tabindex=\"0\">EXPORTACI\u00d3N<\/a>\n\t\t\t\t\t<\/div>\n\t\t\t\t\t<div id=\"elementor-tab-content-2531\" class=\"elementor-tab-content elementor-clearfix\" data-tab=\"1\" role=\"region\" aria-labelledby=\"elementor-tab-title-2531\"><ul><li><strong>Destinaci\u00f3n definitiva de exportaci\u00f3n para consumo<\/strong><\/li><li><strong>Destinaci\u00f3n suspensiva de exportaci\u00f3n temporaria<\/strong><\/li><li><strong>Destinaci\u00f3n suspensiva de tr\u00e1nsito de exportaci\u00f3n<\/strong><\/li><li><strong>Destinaci\u00f3n suspensiva de removido<\/strong><\/li><li><strong>Exportaci\u00f3n\u00a0de Plantas Llave en Mano<\/strong><\/li><li><strong>R\u00e9gimen de Muestras<\/strong><\/li><li><strong>R\u00e9gimen de Mudanzas Internacionales<\/strong><\/li><\/ul><\/div>\n\t\t\t\t<\/div>\n\t\t\t\t\t\t\t<div class=\"elementor-accordion-item\">\n\t\t\t\t\t<div id=\"elementor-tab-title-2532\" class=\"elementor-tab-title\" data-tab=\"2\" role=\"button\" aria-controls=\"elementor-tab-content-2532\" aria-expanded=\"false\">\n\t\t\t\t\t\t\t\t\t\t\t\t\t<span class=\"elementor-accordion-icon elementor-accordion-icon-left\" aria-hidden=\"true\">\n\t\t\t\t\t\t\t\t\t\t\t\t\t\t\t<span class=\"elementor-accordion-icon-closed\"><i class=\"fas fa-plus\"><\/i><\/span>\n\t\t\t\t\t\t\t\t<span class=\"elementor-accordion-icon-opened\"><i class=\"fas fa-minus\"><\/i><\/span>\n\t\t\t\t\t\t\t\t\t\t\t\t\t\t<\/span>\n\t\t\t\t\t\t\t\t\t\t\t\t<a class=\"elementor-accordion-title\" tabindex=\"0\">Servicios<\/a>\n\t\t\t\t\t<\/div>\n\t\t\t\t\t<div id=\"elementor-tab-content-2532\" class=\"elementor-tab-content elementor-clearfix\" data-tab=\"2\" role=\"region\" aria-labelledby=\"elementor-tab-title-2532\"><ul><li>Inscripci\u00f3n en el Registro de Importadores \/ Exportadores.<\/li><li>Confecci\u00f3n de documentos de embarque (Factura, lista de empaque, etc.)<\/li><li>Tramitaci\u00f3n del certificado de origen, tanto para pa\u00edses del MERCOSUR como el resto del mundo.<\/li><li>Servicio log\u00edstico integral a trav\u00e9s de nuestra Divisi\u00f3n de Agentes de Cargas.<\/li><li>Confecci\u00f3n de Presupuestos de Exportaci\u00f3n.<\/li><li>Asesoramiento sobre oportunidades comerciales en el exterior.<\/li><li>Asesoramiento en Gestiones Bancarias para Cobros del Exterior, Cobranzas Documentarias, negociaci\u00f3n de Cartas de Cr\u00e9dito, presentaci\u00f3n de documentos por Cobranzas al Cobro, etc.<\/li><li>Cobro de Reembolsos.<\/li><li>Tramitaci\u00f3n ante organismos oficiales y privados relacionados con la exportaci\u00f3n (SICE, JNC, JNG, CAC, AIERA, MRE, ANMAT, INAL, SENASA, INTI, FLORA y FAUNA, etc.).<\/li><\/ul><\/div>\n\t\t\t\t<\/div>\n\t\t\t\t\t\t\t\t<\/div>\n\t\t\t\t<\/div>\n\t\t\t\t<\/div>\n\t\t\t\t\t<\/div>\n\t\t<\/div>\n\t\t\t\t\t<\/div>\n\t\t<\/section>\n\t\t\t\t<\/div>\n\t\t","protected":false},"excerpt":{"rendered":"<p>Bella Pampa Comercio exterior Somos una empresa de Servicio Integral de Comercio Exterior. Nuestro equipo altamente capacitado est\u00e1 compuesto por Despachantes de Aduana, Forwarders y Licenciados en Comercio Exterior. Contamos con una experiencia comprobable de mas de 15 a\u00f1os en el rubro. Por ello, brindamos un optimo manejo de la operativa en Comex. DESPACHOS DE [&hellip;]<\/p>\n","protected":false},"author":1,"featured_media":0,"parent":0,"menu_order":0,"comment_status":"closed","ping_status":"closed","template":"","meta":{"_siteseo_robots_primary_cat":"","_joinchat":[],"footnotes":""},"class_list":["post-585","page","type-page","status-publish","hentry"],"_links":{"self":[{"href":"https:\/\/bpcomercioexterior.com.ar\/comercio-exterior\/wp-json\/wp\/v2\/pages\/585"}],"collection":[{"href":"https:\/\/bpcomercioexterior.com.ar\/comercio-exterior\/wp-json\/wp\/v2\/pages"}],"about":[{"href":"https:\/\/bpcomercioexterior.com.ar\/comercio-exterior\/wp-json\/wp\/v2\/types\/page"}],"author":[{"embeddable":true,"href":"https:\/\/bpcomercioexterior.com.ar\/comercio-exterior\/wp-json\/wp\/v2\/users\/1"}],"replies":[{"embeddable":true,"href":"https:\/\/bpcomercioexterior.com.ar\/comercio-exterior\/wp-json\/wp\/v2\/comments?post=585"}],"version-history":[{"count":9,"href":"https:\/\/bpcomercioexterior.com.ar\/comercio-exterior\/wp-json\/wp\/v2\/pages\/585\/revisions"}],"predecessor-version":[{"id":1157,"href":"https:\/\/bpcomercioexterior.com.ar\/comercio-exterior\/wp-json\/wp\/v2\/pages\/585\/revisions\/1157"}],"wp:attachment":[{"href":"https:\/\/bpcomercioexterior.com.ar\/comercio-exterior\/wp-json\/wp\/v2\/media?parent=585"}],"curies":[{"name":"wp","href":"https:\/\/api.w.org\/{rel}","templated":true}]}}